{"id":1223,"date":"2025-07-21T08:35:43","date_gmt":"2025-07-21T08:35:43","guid":{"rendered":"https:\/\/paulklunder.com\/contact\/"},"modified":"2025-10-29T06:44:09","modified_gmt":"2025-10-29T06:44:09","slug":"contact","status":"publish","type":"page","link":"https:\/\/paulklunder.com\/fr\/contact\/","title":{"rendered":"CONTACT"},"content":{"rendered":"\t\t<div data-elementor-type=\"wp-page\" data-elementor-id=\"1223\" class=\"elementor elementor-1223 elementor-33\" data-elementor-post-type=\"page\">\n\t\t\t\t<div class=\"elementor-element elementor-element-6d64d3f e-flex e-con-boxed e-con e-parent\" data-id=\"6d64d3f\" data-element_type=\"container\" data-e-type=\"container\" data-settings=\"{&quot;background_background&quot;:&quot;classic&quot;}\">\n\t\t\t\t\t<div class=\"e-con-inner\">\n\t\t<div class=\"elementor-element elementor-element-7e99c6f e-con-full e-flex e-con e-child\" data-id=\"7e99c6f\" data-element_type=\"container\" data-e-type=\"container\">\n\t\t\t\t<\/div>\n\t\t<div class=\"elementor-element elementor-element-f09f57c e-con-full e-flex e-con e-child\" data-id=\"f09f57c\" data-element_type=\"container\" data-e-type=\"container\">\n\t\t\t\t<\/div>\n\t\t<div class=\"elementor-element elementor-element-ca11eb7 e-con-full e-flex e-con e-child\" data-id=\"ca11eb7\" data-element_type=\"container\" data-e-type=\"container\">\n\t\t\t\t<div class=\"elementor-element elementor-element-9fe1e5a elementor-align-center elementor-invisible elementor-widget elementor-widget-lottie\" data-id=\"9fe1e5a\" data-element_type=\"widget\" data-e-type=\"widget\" data-settings=\"{&quot;source_json&quot;:{&quot;url&quot;:&quot;https:\\\/\\\/paulklunder.com\\\/wp-content\\\/uploads\\\/2025\\\/07\\\/xXUO4SYYhC.json&quot;,&quot;id&quot;:137,&quot;size&quot;:&quot;&quot;,&quot;alt&quot;:&quot;&quot;,&quot;source&quot;:&quot;library&quot;},&quot;loop&quot;:&quot;yes&quot;,&quot;link_to&quot;:&quot;custom&quot;,&quot;custom_link&quot;:{&quot;url&quot;:&quot;#contact&quot;,&quot;is_external&quot;:&quot;&quot;,&quot;nofollow&quot;:&quot;&quot;,&quot;custom_attributes&quot;:&quot;&quot;},&quot;_animation&quot;:&quot;fadeInDown&quot;,&quot;_animation_delay&quot;:600,&quot;source&quot;:&quot;media_file&quot;,&quot;caption_source&quot;:&quot;none&quot;,&quot;trigger&quot;:&quot;arriving_to_viewport&quot;,&quot;viewport&quot;:{&quot;unit&quot;:&quot;%&quot;,&quot;size&quot;:&quot;&quot;,&quot;sizes&quot;:{&quot;start&quot;:0,&quot;end&quot;:100}},&quot;play_speed&quot;:{&quot;unit&quot;:&quot;px&quot;,&quot;size&quot;:1,&quot;sizes&quot;:[]},&quot;start_point&quot;:{&quot;unit&quot;:&quot;%&quot;,&quot;size&quot;:0,&quot;sizes&quot;:[]},&quot;end_point&quot;:{&quot;unit&quot;:&quot;%&quot;,&quot;size&quot;:100,&quot;sizes&quot;:[]},&quot;renderer&quot;:&quot;svg&quot;}\" data-widget_type=\"lottie.default\">\n\t\t\t\t\t<a class=\"e-lottie__container__link\" href=\"#contact\"><div class=\"e-lottie__container\"><div class=\"e-lottie__animation\"><\/div><\/div><\/a>\t\t\t\t<\/div>\n\t\t\t\t<\/div>\n\t\t\t\t\t<\/div>\n\t\t\t\t<\/div>\n\t\t<div class=\"elementor-element elementor-element-fbf60ab e-flex e-con-boxed elementor-invisible e-con e-parent\" data-id=\"fbf60ab\" data-element_type=\"container\" data-e-type=\"container\" id=\"contact\" data-settings=\"{&quot;animation&quot;:&quot;fadeIn&quot;,&quot;animation_delay&quot;:300}\">\n\t\t\t\t\t<div class=\"e-con-inner\">\n\t\t<div class=\"elementor-element elementor-element-a2c2f59 e-con-full e-flex e-con e-child\" data-id=\"a2c2f59\" data-element_type=\"container\" data-e-type=\"container\">\n\t\t\t\t<div class=\"elementor-element elementor-element-525df57 elementor-widget elementor-widget-heading\" data-id=\"525df57\" data-element_type=\"widget\" data-e-type=\"widget\" data-widget_type=\"heading.default\">\n\t\t\t\t\t<h3 class=\"elementor-heading-title elementor-size-default\">Merci de bien vouloir nous communiquer les informations suivantes :<\/h3>\t\t\t\t<\/div>\n\t\t\t\t<div class=\"elementor-element elementor-element-2241a74 elementor-button-align-start btn-effect elementor-widget elementor-widget-form\" data-id=\"2241a74\" data-element_type=\"widget\" data-e-type=\"widget\" data-settings=\"{&quot;step_next_label&quot;:&quot;Next&quot;,&quot;step_previous_label&quot;:&quot;Previous&quot;,&quot;button_width&quot;:&quot;100&quot;,&quot;step_type&quot;:&quot;number_text&quot;,&quot;step_icon_shape&quot;:&quot;circle&quot;}\" data-widget_type=\"form.default\">\n\t\t\t\t\t\t\t<form class=\"elementor-form\" method=\"post\" name=\"Contact\" aria-label=\"Contact\" novalidate=\"\">\n\t\t\t<input type=\"hidden\" name=\"post_id\" value=\"1223\"\/>\n\t\t\t<input type=\"hidden\" name=\"form_id\" value=\"2241a74\"\/>\n\t\t\t<input type=\"hidden\" name=\"referer_title\" value=\"Paul Klunder\" \/>\n\n\t\t\t\n\t\t\t<div class=\"elementor-form-fields-wrapper elementor-labels-\">\n\t\t\t\t\t\t\t\t<div class=\"elementor-field-type-text elementor-field-group elementor-column elementor-field-group-name elementor-col-100 elementor-field-required\">\n\t\t\t\t\t\t\t\t\t\t\t\t<label for=\"form-field-name\" class=\"elementor-field-label elementor-screen-only\">\n\t\t\t\t\t\t\t\tNom\t\t\t\t\t\t\t<\/label>\n\t\t\t\t\t\t\t\t\t\t\t\t\t\t<input size=\"1\" type=\"text\" name=\"form_fields[name]\" id=\"form-field-name\" class=\"elementor-field elementor-size-md  elementor-field-textual\" placeholder=\"Nom *\" required=\"required\">\n\t\t\t\t\t\t\t\t\t\t\t<\/div>\n\t\t\t\t\t\t\t\t<div class=\"elementor-field-type-email elementor-field-group elementor-column elementor-field-group-email elementor-col-100 elementor-field-required\">\n\t\t\t\t\t\t\t\t\t\t\t\t<label for=\"form-field-email\" class=\"elementor-field-label elementor-screen-only\">\n\t\t\t\t\t\t\t\tE-mail\t\t\t\t\t\t\t<\/label>\n\t\t\t\t\t\t\t\t\t\t\t\t\t\t<input size=\"1\" type=\"email\" name=\"form_fields[email]\" id=\"form-field-email\" class=\"elementor-field elementor-size-md  elementor-field-textual\" placeholder=\"E-mail *\" required=\"required\">\n\t\t\t\t\t\t\t\t\t\t\t<\/div>\n\t\t\t\t\t\t\t\t<div class=\"elementor-field-type-tel elementor-field-group elementor-column elementor-field-group-field_e5f2ee1 elementor-col-100 elementor-field-required\">\n\t\t\t\t\t\t\t\t\t\t\t\t<label for=\"form-field-field_e5f2ee1\" class=\"elementor-field-label elementor-screen-only\">\n\t\t\t\t\t\t\t\tT\u00e9l\u00e9phone\t\t\t\t\t\t\t<\/label>\n\t\t\t\t\t\t\t\t<input size=\"1\" type=\"tel\" name=\"form_fields[field_e5f2ee1]\" id=\"form-field-field_e5f2ee1\" class=\"elementor-field elementor-size-md  elementor-field-textual\" placeholder=\"T\u00e9l\u00e9phone *\" required=\"required\" pattern=\"[0-9()#&amp;+*-=.]+\" title=\"Only numbers and phone characters (#, -, *, etc) are accepted.\">\n\n\t\t\t\t\t\t<\/div>\n\t\t\t\t\t\t\t\t<div class=\"elementor-field-type-text elementor-field-group elementor-column elementor-field-group-field_89810ff elementor-col-100 elementor-field-required\">\n\t\t\t\t\t\t\t\t\t\t\t\t<label for=\"form-field-field_89810ff\" class=\"elementor-field-label elementor-screen-only\">\n\t\t\t\t\t\t\t\tCountry of residence\t\t\t\t\t\t\t<\/label>\n\t\t\t\t\t\t\t\t\t\t\t\t\t\t<input size=\"1\" type=\"text\" name=\"form_fields[field_89810ff]\" id=\"form-field-field_89810ff\" class=\"elementor-field elementor-size-md  elementor-field-textual\" placeholder=\"Pays de r\u00e9sidence *\" required=\"required\">\n\t\t\t\t\t\t\t\t\t\t\t<\/div>\n\t\t\t\t\t\t\t\t<div class=\"elementor-field-type-textarea elementor-field-group elementor-column elementor-field-group-message elementor-col-100 elementor-field-required\">\n\t\t\t\t\t\t\t\t\t\t\t\t<label for=\"form-field-message\" class=\"elementor-field-label elementor-screen-only\">\n\t\t\t\t\t\t\t\tMessage\t\t\t\t\t\t\t<\/label>\n\t\t\t\t\t\t<textarea class=\"elementor-field-textual elementor-field  elementor-size-md\" name=\"form_fields[message]\" id=\"form-field-message\" rows=\"4\" placeholder=\"Message *\" required=\"required\"><\/textarea>\t\t\t\t<\/div>\n\t\t\t\t\t\t\t\t<div class=\"elementor-field-type-text\">\n\t\t\t\t\t<input size=\"1\" type=\"text\" name=\"form_fields[field_bab51dc]\" id=\"form-field-field_bab51dc\" class=\"elementor-field elementor-size-md \" style=\"display:none !important;\">\t\t\t\t<\/div>\n\t\t\t\t\t\t\t\t<div class=\"elementor-field-type-text\">\n\t\t\t\t\t<input size=\"1\" type=\"text\" name=\"form_fields[field_ab1a8f9]\" id=\"form-field-field_ab1a8f9\" class=\"elementor-field elementor-size-md \" style=\"display:none !important;\">\t\t\t\t<\/div>\n\t\t\t\t\t\t\t\t<div class=\"elementor-field-type-text\">\n\t\t\t\t\t<input size=\"1\" type=\"text\" name=\"form_fields[field_6fcb62a]\" id=\"form-field-field_6fcb62a\" class=\"elementor-field elementor-size-md \" style=\"display:none !important;\">\t\t\t\t<\/div>\n\t\t\t\t\t\t\t\t<div class=\"elementor-field-type-recaptcha_v3 elementor-field-group elementor-column elementor-field-group-field_27d7a78 elementor-col-100 recaptcha_v3-bottomright\">\n\t\t\t\t\t<div class=\"elementor-field\" id=\"form-field-field_27d7a78\"><div class=\"elementor-g-recaptcha\" data-sitekey=\"6LcgdvYrAAAAAA6bJrhVkIqkTaWez7DRaRgMASvu\" data-type=\"v3\" data-action=\"Form\" data-badge=\"bottomright\" data-size=\"invisible\"><\/div><\/div>\t\t\t\t<\/div>\n\t\t\t\t\t\t\t\t<div class=\"elementor-field-group elementor-column elementor-field-type-submit elementor-col-100 e-form__buttons\">\n\t\t\t\t\t<button class=\"elementor-button elementor-size-md\" type=\"submit\">\n\t\t\t\t\t\t<span class=\"elementor-button-content-wrapper\">\n\t\t\t\t\t\t\t\t\t\t\t\t\t\t\t\t\t\t\t\t\t\t<span class=\"elementor-button-text\">Envoyer message<\/span>\n\t\t\t\t\t\t\t\t\t\t\t\t\t<\/span>\n\t\t\t\t\t<\/button>\n\t\t\t\t<\/div>\n\t\t\t<\/div>\n\t\t<\/form>\n\t\t\t\t\t\t<\/div>\n\t\t\t\t<\/div>\n\t\t<div class=\"elementor-element elementor-element-034f39a e-con-full e-flex e-con e-child\" data-id=\"034f39a\" data-element_type=\"container\" data-e-type=\"container\">\n\t\t\t\t<div class=\"elementor-element elementor-element-f93dbd1 elementor-widget__width-initial elementor-widget elementor-widget-heading\" data-id=\"f93dbd1\" data-element_type=\"widget\" data-e-type=\"widget\" data-widget_type=\"heading.default\">\n\t\t\t\t\t<h2 class=\"elementor-heading-title elementor-size-default\">Contact Paul Klunder<\/h2>\t\t\t\t<\/div>\n\t\t\t\t<div class=\"elementor-element elementor-element-c495fa7 elementor-widget elementor-widget-text-editor\" data-id=\"c495fa7\" data-element_type=\"widget\" data-e-type=\"widget\" data-widget_type=\"text-editor.default\">\n\t\t\t\t\t\t\t\t\t<p>Contactez Paul Klunder et son \u00e9quipe d\u00e9vou\u00e9e pour toute question concernant les designs exclusifs d&rsquo;int\u00e9rieur, d&rsquo;ext\u00e9rieur et d&rsquo;\u00e9v\u00e9nements, ou nos cr\u00e9ations florales uniques. Nous sommes pr\u00eats \u00e0 discuter de votre vision et \u00e0 donner vie \u00e0 votre projet.<\/p>\n\t\t\t\t\t\t\t\t<\/div>\n\t\t\t\t<div class=\"elementor-element elementor-element-f0c46fe elementor-align-start elementor-icon-list--layout-traditional elementor-list-item-link-full_width elementor-widget elementor-widget-icon-list\" data-id=\"f0c46fe\" data-element_type=\"widget\" data-e-type=\"widget\" data-widget_type=\"icon-list.default\">\n\t\t\t\t\t\t\t<ul class=\"elementor-icon-list-items\">\n\t\t\t\t\t\t\t<li class=\"elementor-icon-list-item\">\n\t\t\t\t\t\t\t\t\t\t\t<a href=\"https:\/\/maps.app.goo.gl\/65Ri9P9JsrZFuCnD7\" target=\"_blank\">\n\n\t\t\t\t\t\t\t\t\t\t\t\t<span class=\"elementor-icon-list-icon\">\n\t\t\t\t\t\t\t<i aria-hidden=\"true\" class=\"icon icon-map-marker1\"><\/i>\t\t\t\t\t\t<\/span>\n\t\t\t\t\t\t\t\t\t\t<span class=\"elementor-icon-list-text\">Listdreef 2, 2900 Schoten <\/span>\n\t\t\t\t\t\t\t\t\t\t\t<\/a>\n\t\t\t\t\t\t\t\t\t<\/li>\n\t\t\t\t\t\t\t\t<li class=\"elementor-icon-list-item\">\n\t\t\t\t\t\t\t\t\t\t\t<a href=\"tel:003232948630\">\n\n\t\t\t\t\t\t\t\t\t\t\t\t<span class=\"elementor-icon-list-icon\">\n\t\t\t\t\t\t\t<i aria-hidden=\"true\" class=\"icon icon-phone-call\"><\/i>\t\t\t\t\t\t<\/span>\n\t\t\t\t\t\t\t\t\t\t<span class=\"elementor-icon-list-text\">03 294 86 30<\/span>\n\t\t\t\t\t\t\t\t\t\t\t<\/a>\n\t\t\t\t\t\t\t\t\t<\/li>\n\t\t\t\t\t\t\t\t<li class=\"elementor-icon-list-item\">\n\t\t\t\t\t\t\t\t\t\t\t<a href=\"mailto:paul@paulklunder.com\">\n\n\t\t\t\t\t\t\t\t\t\t\t\t<span class=\"elementor-icon-list-icon\">\n\t\t\t\t\t\t\t<i aria-hidden=\"true\" class=\"icon icon-envelope2\"><\/i>\t\t\t\t\t\t<\/span>\n\t\t\t\t\t\t\t\t\t\t<span class=\"elementor-icon-list-text\">paul@paulklunder.com<\/span>\n\t\t\t\t\t\t\t\t\t\t\t<\/a>\n\t\t\t\t\t\t\t\t\t<\/li>\n\t\t\t\t\t\t<\/ul>\n\t\t\t\t\t\t<\/div>\n\t\t\t\t<div class=\"elementor-element elementor-element-219ba75 elementor-widget__width-initial elementor-widget elementor-widget-heading\" data-id=\"219ba75\" data-element_type=\"widget\" data-e-type=\"widget\" data-widget_type=\"heading.default\">\n\t\t\t\t\t<h4 class=\"elementor-heading-title elementor-size-default\">Heures d'ouverture<\/h4>\t\t\t\t<\/div>\n\t\t\t\t<div class=\"elementor-element elementor-element-8c96c55 elementor-widget elementor-widget-text-editor\" data-id=\"8c96c55\" data-element_type=\"widget\" data-e-type=\"widget\" data-widget_type=\"text-editor.default\">\n\t\t\t\t\t\t\t\t\t<p>Lundi &#8211; vendredi: 09h00 &#8211; 17h00<\/p>\n\t\t\t\t\t\t\t\t<\/div>\n\t\t\t\t<\/div>\n\t\t\t\t\t<\/div>\n\t\t\t\t<\/div>\n\t\t\t\t<\/div>\n\t\t","protected":false},"excerpt":{"rendered":"<p>Merci de bien vouloir nous communiquer les informations suivantes : Contact Paul Klunder Contactez Paul Klunder et son \u00e9quipe d\u00e9vou\u00e9e pour toute question concernant les designs exclusifs d&rsquo;int\u00e9rieur, d&rsquo;ext\u00e9rieur et d&rsquo;\u00e9v\u00e9nements, ou nos cr\u00e9ations florales uniques. Nous sommes pr\u00eats \u00e0 discuter de votre vision et \u00e0 donner vie \u00e0 votre projet. Listdreef 2, 2900 Schoten [&hellip;]<\/p>\n","protected":false},"author":1,"featured_media":0,"parent":0,"menu_order":0,"comment_status":"closed","ping_status":"closed","template":"","meta":{"footnotes":""},"class_list":["post-1223","page","type-page","status-publish","hentry"],"yoast_head":"<!-- This site is optimized with the Yoast SEO plugin v27.0 - https:\/\/yoast.com\/product\/yoast-seo-wordpress\/ -->\n<title>Contactez Paul Klunder | Design floral, d&#039;int\u00e9rieur &amp; d&#039;\u00e9v\u00e9nement de luxe<\/title>\n<meta name=\"description\" content=\"Des questions sur nos services exclusifs de design d&#039;int\u00e9rieur, d&#039;ext\u00e9rieur, d&#039;\u00e9v\u00e9nements ou floral ? Contactez Paul Klunder pour un rendez-vous personnel et concr\u00e9tisez vos r\u00eaves.\" \/>\n<meta name=\"robots\" content=\"index, follow, max-snippet:-1, max-image-preview:large, max-video-preview:-1\" \/>\n<link rel=\"canonical\" href=\"https:\/\/paulklunder.com\/fr\/contact\/\" \/>\n<meta property=\"og:locale\" content=\"fr_FR\" \/>\n<meta property=\"og:type\" content=\"article\" \/>\n<meta property=\"og:title\" content=\"Contactez Paul Klunder | Design floral, d&#039;int\u00e9rieur &amp; d&#039;\u00e9v\u00e9nement de luxe\" \/>\n<meta property=\"og:description\" content=\"Des questions sur nos services exclusifs de design d&#039;int\u00e9rieur, d&#039;ext\u00e9rieur, d&#039;\u00e9v\u00e9nements ou floral ? Contactez Paul Klunder pour un rendez-vous personnel et concr\u00e9tisez vos r\u00eaves.\" \/>\n<meta property=\"og:url\" content=\"https:\/\/paulklunder.com\/fr\/contact\/\" \/>\n<meta property=\"og:site_name\" content=\"Paul Klunder\" \/>\n<meta property=\"article:modified_time\" content=\"2025-10-29T06:44:09+00:00\" \/>\n<meta property=\"og:image\" content=\"https:\/\/paulklunder.com\/wp-content\/uploads\/2025\/07\/logo-klunder-1.png\" \/>\n\t<meta property=\"og:image:width\" content=\"666\" \/>\n\t<meta property=\"og:image:height\" content=\"434\" \/>\n\t<meta property=\"og:image:type\" content=\"image\/png\" \/>\n<meta name=\"twitter:card\" content=\"summary_large_image\" \/>\n<script type=\"application\/ld+json\" class=\"yoast-schema-graph\">{\"@context\":\"https:\/\/schema.org\",\"@graph\":[{\"@type\":\"WebPage\",\"@id\":\"https:\/\/paulklunder.com\/fr\/contact\/\",\"url\":\"https:\/\/paulklunder.com\/fr\/contact\/\",\"name\":\"Contactez Paul Klunder | Design floral, d'int\u00e9rieur & d'\u00e9v\u00e9nement de luxe\",\"isPartOf\":{\"@id\":\"https:\/\/paulklunder.com\/fr\/#website\"},\"datePublished\":\"2025-07-21T08:35:43+00:00\",\"dateModified\":\"2025-10-29T06:44:09+00:00\",\"description\":\"Des questions sur nos services exclusifs de design d'int\u00e9rieur, d'ext\u00e9rieur, d'\u00e9v\u00e9nements ou floral ? Contactez Paul Klunder pour un rendez-vous personnel et concr\u00e9tisez vos r\u00eaves.\",\"breadcrumb\":{\"@id\":\"https:\/\/paulklunder.com\/fr\/contact\/#breadcrumb\"},\"inLanguage\":\"fr-BE\",\"potentialAction\":[{\"@type\":\"ReadAction\",\"target\":[\"https:\/\/paulklunder.com\/fr\/contact\/\"]}]},{\"@type\":\"BreadcrumbList\",\"@id\":\"https:\/\/paulklunder.com\/fr\/contact\/#breadcrumb\",\"itemListElement\":[{\"@type\":\"ListItem\",\"position\":1,\"name\":\"Home\",\"item\":\"https:\/\/paulklunder.com\/fr\/\"},{\"@type\":\"ListItem\",\"position\":2,\"name\":\"CONTACT\"}]},{\"@type\":\"WebSite\",\"@id\":\"https:\/\/paulklunder.com\/fr\/#website\",\"url\":\"https:\/\/paulklunder.com\/fr\/\",\"name\":\"Paul Klunder\",\"description\":\"\",\"publisher\":{\"@id\":\"https:\/\/paulklunder.com\/fr\/#organization\"},\"potentialAction\":[{\"@type\":\"SearchAction\",\"target\":{\"@type\":\"EntryPoint\",\"urlTemplate\":\"https:\/\/paulklunder.com\/fr\/?s={search_term_string}\"},\"query-input\":{\"@type\":\"PropertyValueSpecification\",\"valueRequired\":true,\"valueName\":\"search_term_string\"}}],\"inLanguage\":\"fr-BE\"},{\"@type\":\"Organization\",\"@id\":\"https:\/\/paulklunder.com\/fr\/#organization\",\"name\":\"Paul Klunder\",\"url\":\"https:\/\/paulklunder.com\/fr\/\",\"logo\":{\"@type\":\"ImageObject\",\"inLanguage\":\"fr-BE\",\"@id\":\"https:\/\/paulklunder.com\/fr\/#\/schema\/logo\/image\/\",\"url\":\"https:\/\/paulklunder.com\/wp-content\/uploads\/2025\/07\/logo-klunder.png\",\"contentUrl\":\"https:\/\/paulklunder.com\/wp-content\/uploads\/2025\/07\/logo-klunder.png\",\"width\":700,\"height\":500,\"caption\":\"Paul Klunder\"},\"image\":{\"@id\":\"https:\/\/paulklunder.com\/fr\/#\/schema\/logo\/image\/\"}}]}<\/script>\n<!-- \/ Yoast SEO plugin. -->","yoast_head_json":{"title":"Contactez Paul Klunder | Design floral, d'int\u00e9rieur & d'\u00e9v\u00e9nement de luxe","description":"Des questions sur nos services exclusifs de design d'int\u00e9rieur, d'ext\u00e9rieur, d'\u00e9v\u00e9nements ou floral ? Contactez Paul Klunder pour un rendez-vous personnel et concr\u00e9tisez vos r\u00eaves.","robots":{"index":"index","follow":"follow","max-snippet":"max-snippet:-1","max-image-preview":"max-image-preview:large","max-video-preview":"max-video-preview:-1"},"canonical":"https:\/\/paulklunder.com\/fr\/contact\/","og_locale":"fr_FR","og_type":"article","og_title":"Contactez Paul Klunder | Design floral, d'int\u00e9rieur & d'\u00e9v\u00e9nement de luxe","og_description":"Des questions sur nos services exclusifs de design d'int\u00e9rieur, d'ext\u00e9rieur, d'\u00e9v\u00e9nements ou floral ? Contactez Paul Klunder pour un rendez-vous personnel et concr\u00e9tisez vos r\u00eaves.","og_url":"https:\/\/paulklunder.com\/fr\/contact\/","og_site_name":"Paul Klunder","article_modified_time":"2025-10-29T06:44:09+00:00","og_image":[{"width":666,"height":434,"url":"https:\/\/paulklunder.com\/wp-content\/uploads\/2025\/07\/logo-klunder-1.png","type":"image\/png"}],"twitter_card":"summary_large_image","schema":{"@context":"https:\/\/schema.org","@graph":[{"@type":"WebPage","@id":"https:\/\/paulklunder.com\/fr\/contact\/","url":"https:\/\/paulklunder.com\/fr\/contact\/","name":"Contactez Paul Klunder | Design floral, d'int\u00e9rieur & d'\u00e9v\u00e9nement de luxe","isPartOf":{"@id":"https:\/\/paulklunder.com\/fr\/#website"},"datePublished":"2025-07-21T08:35:43+00:00","dateModified":"2025-10-29T06:44:09+00:00","description":"Des questions sur nos services exclusifs de design d'int\u00e9rieur, d'ext\u00e9rieur, d'\u00e9v\u00e9nements ou floral ? Contactez Paul Klunder pour un rendez-vous personnel et concr\u00e9tisez vos r\u00eaves.","breadcrumb":{"@id":"https:\/\/paulklunder.com\/fr\/contact\/#breadcrumb"},"inLanguage":"fr-BE","potentialAction":[{"@type":"ReadAction","target":["https:\/\/paulklunder.com\/fr\/contact\/"]}]},{"@type":"BreadcrumbList","@id":"https:\/\/paulklunder.com\/fr\/contact\/#breadcrumb","itemListElement":[{"@type":"ListItem","position":1,"name":"Home","item":"https:\/\/paulklunder.com\/fr\/"},{"@type":"ListItem","position":2,"name":"CONTACT"}]},{"@type":"WebSite","@id":"https:\/\/paulklunder.com\/fr\/#website","url":"https:\/\/paulklunder.com\/fr\/","name":"Paul Klunder","description":"","publisher":{"@id":"https:\/\/paulklunder.com\/fr\/#organization"},"potentialAction":[{"@type":"SearchAction","target":{"@type":"EntryPoint","urlTemplate":"https:\/\/paulklunder.com\/fr\/?s={search_term_string}"},"query-input":{"@type":"PropertyValueSpecification","valueRequired":true,"valueName":"search_term_string"}}],"inLanguage":"fr-BE"},{"@type":"Organization","@id":"https:\/\/paulklunder.com\/fr\/#organization","name":"Paul Klunder","url":"https:\/\/paulklunder.com\/fr\/","logo":{"@type":"ImageObject","inLanguage":"fr-BE","@id":"https:\/\/paulklunder.com\/fr\/#\/schema\/logo\/image\/","url":"https:\/\/paulklunder.com\/wp-content\/uploads\/2025\/07\/logo-klunder.png","contentUrl":"https:\/\/paulklunder.com\/wp-content\/uploads\/2025\/07\/logo-klunder.png","width":700,"height":500,"caption":"Paul Klunder"},"image":{"@id":"https:\/\/paulklunder.com\/fr\/#\/schema\/logo\/image\/"}}]}},"_links":{"self":[{"href":"https:\/\/paulklunder.com\/fr\/wp-json\/wp\/v2\/pages\/1223","targetHints":{"allow":["GET"]}}],"collection":[{"href":"https:\/\/paulklunder.com\/fr\/wp-json\/wp\/v2\/pages"}],"about":[{"href":"https:\/\/paulklunder.com\/fr\/wp-json\/wp\/v2\/types\/page"}],"author":[{"embeddable":true,"href":"https:\/\/paulklunder.com\/fr\/wp-json\/wp\/v2\/users\/1"}],"replies":[{"embeddable":true,"href":"https:\/\/paulklunder.com\/fr\/wp-json\/wp\/v2\/comments?post=1223"}],"version-history":[{"count":1,"href":"https:\/\/paulklunder.com\/fr\/wp-json\/wp\/v2\/pages\/1223\/revisions"}],"predecessor-version":[{"id":1224,"href":"https:\/\/paulklunder.com\/fr\/wp-json\/wp\/v2\/pages\/1223\/revisions\/1224"}],"wp:attachment":[{"href":"https:\/\/paulklunder.com\/fr\/wp-json\/wp\/v2\/media?parent=1223"}],"curies":[{"name":"wp","href":"https:\/\/api.w.org\/{rel}","templated":true}]}}