{"id":1097,"date":"2025-07-21T08:33:40","date_gmt":"2025-07-21T08:33:40","guid":{"rendered":"https:\/\/paulklunder.com\/interieurs\/"},"modified":"2025-10-29T06:31:57","modified_gmt":"2025-10-29T06:31:57","slug":"interieurs","status":"publish","type":"page","link":"https:\/\/paulklunder.com\/fr\/interieurs\/","title":{"rendered":"INT\u00c9RIEURS"},"content":{"rendered":"\t\t<div data-elementor-type=\"wp-page\" data-elementor-id=\"1097\" class=\"elementor elementor-1097 elementor-17\" data-elementor-post-type=\"page\">\n\t\t\t\t<div class=\"elementor-element elementor-element-4bd10a5 e-flex e-con-boxed e-con e-parent\" data-id=\"4bd10a5\" data-element_type=\"container\" data-e-type=\"container\" data-settings=\"{&quot;background_background&quot;:&quot;classic&quot;}\">\n\t\t\t\t\t<div class=\"e-con-inner\">\n\t\t<div class=\"elementor-element elementor-element-c6890e8 e-con-full e-flex e-con e-child\" data-id=\"c6890e8\" data-element_type=\"container\" data-e-type=\"container\">\n\t\t\t\t<\/div>\n\t\t<div class=\"elementor-element elementor-element-78f1dfe e-con-full e-flex e-con e-child\" data-id=\"78f1dfe\" data-element_type=\"container\" data-e-type=\"container\">\n\t\t\t\t<\/div>\n\t\t<div class=\"elementor-element elementor-element-14edd30 e-con-full e-flex e-con e-child\" data-id=\"14edd30\" data-element_type=\"container\" data-e-type=\"container\">\n\t\t\t\t<div class=\"elementor-element elementor-element-4a9f436 elementor-align-center elementor-invisible elementor-widget elementor-widget-lottie\" data-id=\"4a9f436\" data-element_type=\"widget\" data-e-type=\"widget\" data-settings=\"{&quot;source_json&quot;:{&quot;url&quot;:&quot;https:\\\/\\\/paulklunder.com\\\/wp-content\\\/uploads\\\/2025\\\/07\\\/xXUO4SYYhC.json&quot;,&quot;id&quot;:137,&quot;size&quot;:&quot;&quot;,&quot;alt&quot;:&quot;&quot;,&quot;source&quot;:&quot;library&quot;},&quot;loop&quot;:&quot;yes&quot;,&quot;link_to&quot;:&quot;custom&quot;,&quot;custom_link&quot;:{&quot;url&quot;:&quot;#interiors&quot;,&quot;is_external&quot;:&quot;&quot;,&quot;nofollow&quot;:&quot;&quot;,&quot;custom_attributes&quot;:&quot;&quot;},&quot;_animation&quot;:&quot;fadeInDown&quot;,&quot;_animation_delay&quot;:600,&quot;source&quot;:&quot;media_file&quot;,&quot;caption_source&quot;:&quot;none&quot;,&quot;trigger&quot;:&quot;arriving_to_viewport&quot;,&quot;viewport&quot;:{&quot;unit&quot;:&quot;%&quot;,&quot;size&quot;:&quot;&quot;,&quot;sizes&quot;:{&quot;start&quot;:0,&quot;end&quot;:100}},&quot;play_speed&quot;:{&quot;unit&quot;:&quot;px&quot;,&quot;size&quot;:1,&quot;sizes&quot;:[]},&quot;start_point&quot;:{&quot;unit&quot;:&quot;%&quot;,&quot;size&quot;:0,&quot;sizes&quot;:[]},&quot;end_point&quot;:{&quot;unit&quot;:&quot;%&quot;,&quot;size&quot;:100,&quot;sizes&quot;:[]},&quot;renderer&quot;:&quot;svg&quot;}\" data-widget_type=\"lottie.default\">\n\t\t\t\t\t<a class=\"e-lottie__container__link\" href=\"#interiors\"><div class=\"e-lottie__container\"><div class=\"e-lottie__animation\"><\/div><\/div><\/a>\t\t\t\t<\/div>\n\t\t\t\t<\/div>\n\t\t\t\t\t<\/div>\n\t\t\t\t<\/div>\n\t\t<div class=\"elementor-element elementor-element-2f28a41 e-flex e-con-boxed elementor-invisible e-con e-parent\" data-id=\"2f28a41\" data-element_type=\"container\" data-e-type=\"container\" id=\"interiors\" data-settings=\"{&quot;animation&quot;:&quot;fadeIn&quot;,&quot;animation_delay&quot;:300}\">\n\t\t\t\t\t<div class=\"e-con-inner\">\n\t\t<div class=\"elementor-element elementor-element-5517538 e-con-full e-flex e-con e-child\" data-id=\"5517538\" data-element_type=\"container\" data-e-type=\"container\">\n\t\t\t\t<div class=\"elementor-element elementor-element-02840bf elementor-widget__width-inherit elementor-widget-tablet__width-inherit elementor-widget elementor-widget-heading\" data-id=\"02840bf\" data-element_type=\"widget\" data-e-type=\"widget\" data-widget_type=\"heading.default\">\n\t\t\t\t\t<h2 class=\"elementor-heading-title elementor-size-default\">Ma passion est de cr\u00e9er un lieu o\u00f9 vous vous sentez pleinement vous-m\u00eame. <\/h2>\t\t\t\t<\/div>\n\t\t\t\t<div class=\"elementor-element elementor-element-4a14403 elementor-widget elementor-widget-text-editor\" data-id=\"4a14403\" data-element_type=\"widget\" data-e-type=\"widget\" data-widget_type=\"text-editor.default\">\n\t\t\t\t\t\t\t\t\t<p>Un int\u00e9rieur doit refl\u00e9ter parfaitement la personnalit\u00e9 de ses occupants. C\u2019est pourquoi chaque projet de Paul Klunder commence par une exploration approfondie du mode de vie et des pr\u00e9f\u00e9rences du client : l\u2019ambiance souhait\u00e9e, la fonction de chaque pi\u00e8ce et \u2013 avant tout \u2013 le style de vie personnel.<br \/>Ce dialogue intime est la base d\u2019un int\u00e9rieur \u00e0 la fois \u00e9l\u00e9gant, authentique et charg\u00e9 de sens.<\/p>\n<p>L\u2019\u00e2me d\u2019une maison se r\u00e9v\u00e8le souvent \u00e0 travers des objets de famille ou h\u00e9ritages pr\u00e9cieux. Nous encourageons nos clients \u00e0 offrir une seconde vie \u00e0 ces pi\u00e8ces charg\u00e9es d\u2019histoire, en les int\u00e9grant de fa\u00e7on subtile et esth\u00e9tique. Autour de ces \u00e9l\u00e9ments, nous concevons des int\u00e9rieurs originaux, raffin\u00e9s et profond\u00e9ment personnels \u2013 une harmonie entre \u00e9l\u00e9ments contemporains et pi\u00e8ces anciennes, avec toujours une grande place laiss\u00e9e au naturel. L\u2019\u00e9quilibre parfait entre luxe et simplicit\u00e9.<\/p>\n<p>Un projet int\u00e9rieur sign\u00e9 Paul Klunder peut inclure : du mobilier sur mesure, des pi\u00e8ces s\u00e9lectionn\u00e9es dans des collections renomm\u00e9es et des textiles de maisons prestigieuses comme Loro Piana, Maison de Vacances, Dedar, Pierre Frey, Mulberry, Rubelli et bien d\u2019autres.<\/p>\n\t\t\t\t\t\t\t\t<\/div>\n\t\t\t\t<\/div>\n\t\t\t\t\t<\/div>\n\t\t\t\t<\/div>\n\t\t<div class=\"elementor-element elementor-element-63bb1b1 e-con-full e-flex e-con e-parent\" data-id=\"63bb1b1\" data-element_type=\"container\" data-e-type=\"container\" data-settings=\"{&quot;background_background&quot;:&quot;classic&quot;}\">\n\t\t<div class=\"elementor-element elementor-element-ee81e73 e-con-full e-flex e-con e-child\" data-id=\"ee81e73\" data-element_type=\"container\" data-e-type=\"container\">\n\t\t\t\t<div class=\"elementor-element elementor-element-d8c5d74 elementor-widget elementor-widget-gallery\" data-id=\"d8c5d74\" data-element_type=\"widget\" data-e-type=\"widget\" data-settings=\"{&quot;gap&quot;:{&quot;unit&quot;:&quot;px&quot;,&quot;size&quot;:30,&quot;sizes&quot;:[]},&quot;aspect_ratio&quot;:&quot;1:1&quot;,&quot;lazyload&quot;:&quot;yes&quot;,&quot;gallery_layout&quot;:&quot;grid&quot;,&quot;columns&quot;:4,&quot;columns_tablet&quot;:2,&quot;columns_mobile&quot;:1,&quot;gap_tablet&quot;:{&quot;unit&quot;:&quot;px&quot;,&quot;size&quot;:10,&quot;sizes&quot;:[]},&quot;gap_mobile&quot;:{&quot;unit&quot;:&quot;px&quot;,&quot;size&quot;:10,&quot;sizes&quot;:[]},&quot;link_to&quot;:&quot;file&quot;,&quot;overlay_background&quot;:&quot;yes&quot;,&quot;content_hover_animation&quot;:&quot;fade-in&quot;}\" data-widget_type=\"gallery.default\">\n\t\t\t\t\t\t\t<div class=\"elementor-gallery__container\">\n\t\t\t\t\t\t\t<a class=\"e-gallery-item elementor-gallery-item elementor-animated-content\" href=\"https:\/\/paulklunder.com\/wp-content\/uploads\/2025\/10\/Interior1-1.jpg\" data-elementor-open-lightbox=\"yes\" data-elementor-lightbox-slideshow=\"d8c5d74\" data-e-action-hash=\"#elementor-action%3Aaction%3Dlightbox%26settings%3DeyJpZCI6MTEwOCwidXJsIjoiaHR0cHM6XC9cL3BhdWxrbHVuZGVyLmNvbVwvd3AtY29udGVudFwvdXBsb2Fkc1wvMjAyNVwvMTBcL0ludGVyaW9yMS0xLmpwZyIsInNsaWRlc2hvdyI6ImQ4YzVkNzQifQ%3D%3D\">\n\t\t\t\t\t<div class=\"e-gallery-image elementor-gallery-item__image\" data-thumbnail=\"https:\/\/paulklunder.com\/wp-content\/uploads\/2025\/10\/Interior1-1-768x512.jpg\" data-width=\"768\" data-height=\"512\" aria-label=\"\" role=\"img\" ><\/div>\n\t\t\t\t\t\t\t\t\t\t\t<div class=\"elementor-gallery-item__overlay\"><\/div>\n\t\t\t\t\t\t\t\t\t\t\t\t\t\t<\/a>\n\t\t\t\t\t\t\t<a class=\"e-gallery-item elementor-gallery-item elementor-animated-content\" href=\"https:\/\/paulklunder.com\/wp-content\/uploads\/2025\/10\/Interior2-1.jpg\" data-elementor-open-lightbox=\"yes\" data-elementor-lightbox-slideshow=\"d8c5d74\" data-e-action-hash=\"#elementor-action%3Aaction%3Dlightbox%26settings%3DeyJpZCI6MTEwOSwidXJsIjoiaHR0cHM6XC9cL3BhdWxrbHVuZGVyLmNvbVwvd3AtY29udGVudFwvdXBsb2Fkc1wvMjAyNVwvMTBcL0ludGVyaW9yMi0xLmpwZyIsInNsaWRlc2hvdyI6ImQ4YzVkNzQifQ%3D%3D\">\n\t\t\t\t\t<div class=\"e-gallery-image elementor-gallery-item__image\" data-thumbnail=\"https:\/\/paulklunder.com\/wp-content\/uploads\/2025\/10\/Interior2-1-768x512.jpg\" data-width=\"768\" data-height=\"512\" aria-label=\"\" role=\"img\" ><\/div>\n\t\t\t\t\t\t\t\t\t\t\t<div class=\"elementor-gallery-item__overlay\"><\/div>\n\t\t\t\t\t\t\t\t\t\t\t\t\t\t<\/a>\n\t\t\t\t\t\t\t<a class=\"e-gallery-item elementor-gallery-item elementor-animated-content\" href=\"https:\/\/paulklunder.com\/wp-content\/uploads\/2025\/10\/Interior3-1.jpg\" data-elementor-open-lightbox=\"yes\" data-elementor-lightbox-slideshow=\"d8c5d74\" data-e-action-hash=\"#elementor-action%3Aaction%3Dlightbox%26settings%3DeyJpZCI6MTExMCwidXJsIjoiaHR0cHM6XC9cL3BhdWxrbHVuZGVyLmNvbVwvd3AtY29udGVudFwvdXBsb2Fkc1wvMjAyNVwvMTBcL0ludGVyaW9yMy0xLmpwZyIsInNsaWRlc2hvdyI6ImQ4YzVkNzQifQ%3D%3D\">\n\t\t\t\t\t<div class=\"e-gallery-image elementor-gallery-item__image\" data-thumbnail=\"https:\/\/paulklunder.com\/wp-content\/uploads\/2025\/10\/Interior3-1-768x512.jpg\" data-width=\"768\" data-height=\"512\" aria-label=\"\" role=\"img\" ><\/div>\n\t\t\t\t\t\t\t\t\t\t\t<div class=\"elementor-gallery-item__overlay\"><\/div>\n\t\t\t\t\t\t\t\t\t\t\t\t\t\t<\/a>\n\t\t\t\t\t\t\t<a class=\"e-gallery-item elementor-gallery-item elementor-animated-content\" href=\"https:\/\/paulklunder.com\/wp-content\/uploads\/2025\/10\/Interior4-1.jpg\" data-elementor-open-lightbox=\"yes\" data-elementor-lightbox-slideshow=\"d8c5d74\" data-e-action-hash=\"#elementor-action%3Aaction%3Dlightbox%26settings%3DeyJpZCI6MTExMSwidXJsIjoiaHR0cHM6XC9cL3BhdWxrbHVuZGVyLmNvbVwvd3AtY29udGVudFwvdXBsb2Fkc1wvMjAyNVwvMTBcL0ludGVyaW9yNC0xLmpwZyIsInNsaWRlc2hvdyI6ImQ4YzVkNzQifQ%3D%3D\">\n\t\t\t\t\t<div class=\"e-gallery-image elementor-gallery-item__image\" data-thumbnail=\"https:\/\/paulklunder.com\/wp-content\/uploads\/2025\/10\/Interior4-1-768x1152.jpg\" data-width=\"768\" data-height=\"1152\" aria-label=\"\" role=\"img\" ><\/div>\n\t\t\t\t\t\t\t\t\t\t\t<div class=\"elementor-gallery-item__overlay\"><\/div>\n\t\t\t\t\t\t\t\t\t\t\t\t\t\t<\/a>\n\t\t\t\t\t\t\t<a class=\"e-gallery-item elementor-gallery-item elementor-animated-content\" href=\"https:\/\/paulklunder.com\/wp-content\/uploads\/2025\/10\/Interior5-1.jpg\" data-elementor-open-lightbox=\"yes\" data-elementor-lightbox-slideshow=\"d8c5d74\" data-e-action-hash=\"#elementor-action%3Aaction%3Dlightbox%26settings%3DeyJpZCI6MTExMiwidXJsIjoiaHR0cHM6XC9cL3BhdWxrbHVuZGVyLmNvbVwvd3AtY29udGVudFwvdXBsb2Fkc1wvMjAyNVwvMTBcL0ludGVyaW9yNS0xLmpwZyIsInNsaWRlc2hvdyI6ImQ4YzVkNzQifQ%3D%3D\">\n\t\t\t\t\t<div class=\"e-gallery-image elementor-gallery-item__image\" data-thumbnail=\"https:\/\/paulklunder.com\/wp-content\/uploads\/2025\/10\/Interior5-1-768x1152.jpg\" data-width=\"768\" data-height=\"1152\" aria-label=\"\" role=\"img\" ><\/div>\n\t\t\t\t\t\t\t\t\t\t\t<div class=\"elementor-gallery-item__overlay\"><\/div>\n\t\t\t\t\t\t\t\t\t\t\t\t\t\t<\/a>\n\t\t\t\t\t\t\t<a class=\"e-gallery-item elementor-gallery-item elementor-animated-content\" href=\"https:\/\/paulklunder.com\/wp-content\/uploads\/2025\/10\/Interior6-1.jpg\" data-elementor-open-lightbox=\"yes\" data-elementor-lightbox-slideshow=\"d8c5d74\" data-e-action-hash=\"#elementor-action%3Aaction%3Dlightbox%26settings%3DeyJpZCI6MTExMywidXJsIjoiaHR0cHM6XC9cL3BhdWxrbHVuZGVyLmNvbVwvd3AtY29udGVudFwvdXBsb2Fkc1wvMjAyNVwvMTBcL0ludGVyaW9yNi0xLmpwZyIsInNsaWRlc2hvdyI6ImQ4YzVkNzQifQ%3D%3D\">\n\t\t\t\t\t<div class=\"e-gallery-image elementor-gallery-item__image\" data-thumbnail=\"https:\/\/paulklunder.com\/wp-content\/uploads\/2025\/10\/Interior6-1-768x1152.jpg\" data-width=\"768\" data-height=\"1152\" aria-label=\"\" role=\"img\" ><\/div>\n\t\t\t\t\t\t\t\t\t\t\t<div class=\"elementor-gallery-item__overlay\"><\/div>\n\t\t\t\t\t\t\t\t\t\t\t\t\t\t<\/a>\n\t\t\t\t\t\t\t<a class=\"e-gallery-item elementor-gallery-item elementor-animated-content\" href=\"https:\/\/paulklunder.com\/wp-content\/uploads\/2025\/10\/Interior7-1.jpg\" data-elementor-open-lightbox=\"yes\" data-elementor-lightbox-slideshow=\"d8c5d74\" data-e-action-hash=\"#elementor-action%3Aaction%3Dlightbox%26settings%3DeyJpZCI6MTExNCwidXJsIjoiaHR0cHM6XC9cL3BhdWxrbHVuZGVyLmNvbVwvd3AtY29udGVudFwvdXBsb2Fkc1wvMjAyNVwvMTBcL0ludGVyaW9yNy0xLmpwZyIsInNsaWRlc2hvdyI6ImQ4YzVkNzQifQ%3D%3D\">\n\t\t\t\t\t<div class=\"e-gallery-image elementor-gallery-item__image\" data-thumbnail=\"https:\/\/paulklunder.com\/wp-content\/uploads\/2025\/10\/Interior7-1-768x1152.jpg\" data-width=\"768\" data-height=\"1152\" aria-label=\"\" role=\"img\" ><\/div>\n\t\t\t\t\t\t\t\t\t\t\t<div class=\"elementor-gallery-item__overlay\"><\/div>\n\t\t\t\t\t\t\t\t\t\t\t\t\t\t<\/a>\n\t\t\t\t\t\t\t<a class=\"e-gallery-item elementor-gallery-item elementor-animated-content\" href=\"https:\/\/paulklunder.com\/wp-content\/uploads\/2025\/10\/Interior8-1.jpg\" data-elementor-open-lightbox=\"yes\" data-elementor-lightbox-slideshow=\"d8c5d74\" data-e-action-hash=\"#elementor-action%3Aaction%3Dlightbox%26settings%3DeyJpZCI6MTExNSwidXJsIjoiaHR0cHM6XC9cL3BhdWxrbHVuZGVyLmNvbVwvd3AtY29udGVudFwvdXBsb2Fkc1wvMjAyNVwvMTBcL0ludGVyaW9yOC0xLmpwZyIsInNsaWRlc2hvdyI6ImQ4YzVkNzQifQ%3D%3D\">\n\t\t\t\t\t<div class=\"e-gallery-image elementor-gallery-item__image\" data-thumbnail=\"https:\/\/paulklunder.com\/wp-content\/uploads\/2025\/10\/Interior8-1-768x512.jpg\" data-width=\"768\" data-height=\"512\" aria-label=\"\" role=\"img\" ><\/div>\n\t\t\t\t\t\t\t\t\t\t\t<div class=\"elementor-gallery-item__overlay\"><\/div>\n\t\t\t\t\t\t\t\t\t\t\t\t\t\t<\/a>\n\t\t\t\t\t<\/div>\n\t\t\t\t\t<\/div>\n\t\t\t\t<\/div>\n\t\t\t\t<\/div>\n\t\t\t\t<\/div>\n\t\t","protected":false},"excerpt":{"rendered":"<p>Ma passion est de cr\u00e9er un lieu o\u00f9 vous vous sentez pleinement vous-m\u00eame. Un int\u00e9rieur doit refl\u00e9ter parfaitement la personnalit\u00e9 de ses occupants. C\u2019est pourquoi chaque projet de Paul Klunder commence par une exploration approfondie du mode de vie et des pr\u00e9f\u00e9rences du client : l\u2019ambiance souhait\u00e9e, la fonction de chaque pi\u00e8ce et \u2013 avant [&hellip;]<\/p>\n","protected":false},"author":1,"featured_media":0,"parent":0,"menu_order":0,"comment_status":"closed","ping_status":"closed","template":"","meta":{"footnotes":""},"class_list":["post-1097","page","type-page","status-publish","hentry"],"yoast_head":"<!-- This site is optimized with the Yoast SEO plugin v27.0 - https:\/\/yoast.com\/product\/yoast-seo-wordpress\/ -->\n<title>Design d&#039;int\u00e9rieur luxe | Stylisme maison sur mesure | Paul Klunder<\/title>\n<meta name=\"description\" content=\"Paul Klunder con\u00e7oit des int\u00e9rieurs authentiques et luxueux qui refl\u00e8tent votre style de vie unique. En m\u00e9langeant mobilier sur mesure, collections s\u00e9lectionn\u00e9es et pr\u00e9cieux h\u00e9ritages, nous cr\u00e9ons des espaces intemporels \u00e0 l&#039;\u00e9l\u00e9gance naturelle.\" \/>\n<meta name=\"robots\" content=\"index, follow, max-snippet:-1, max-image-preview:large, max-video-preview:-1\" \/>\n<link rel=\"canonical\" href=\"https:\/\/paulklunder.com\/fr\/interieurs\/\" \/>\n<meta property=\"og:locale\" content=\"fr_FR\" \/>\n<meta property=\"og:type\" content=\"article\" \/>\n<meta property=\"og:title\" content=\"Design d&#039;int\u00e9rieur luxe | Stylisme maison sur mesure | Paul Klunder\" \/>\n<meta property=\"og:description\" content=\"Paul Klunder con\u00e7oit des int\u00e9rieurs authentiques et luxueux qui refl\u00e8tent votre style de vie unique. En m\u00e9langeant mobilier sur mesure, collections s\u00e9lectionn\u00e9es et pr\u00e9cieux h\u00e9ritages, nous cr\u00e9ons des espaces intemporels \u00e0 l&#039;\u00e9l\u00e9gance naturelle.\" \/>\n<meta property=\"og:url\" content=\"https:\/\/paulklunder.com\/fr\/interieurs\/\" \/>\n<meta property=\"og:site_name\" content=\"Paul Klunder\" \/>\n<meta property=\"article:modified_time\" content=\"2025-10-29T06:31:57+00:00\" \/>\n<meta property=\"og:image\" content=\"https:\/\/paulklunder.com\/wp-content\/uploads\/2025\/07\/logo-klunder-1.png\" \/>\n\t<meta property=\"og:image:width\" content=\"666\" \/>\n\t<meta property=\"og:image:height\" content=\"434\" \/>\n\t<meta property=\"og:image:type\" content=\"image\/png\" \/>\n<meta name=\"twitter:card\" content=\"summary_large_image\" \/>\n<meta name=\"twitter:label1\" content=\"Dur\u00e9e de lecture est.\" \/>\n\t<meta name=\"twitter:data1\" content=\"1 minute\" \/>\n<script type=\"application\/ld+json\" class=\"yoast-schema-graph\">{\"@context\":\"https:\/\/schema.org\",\"@graph\":[{\"@type\":\"WebPage\",\"@id\":\"https:\/\/paulklunder.com\/fr\/interieurs\/\",\"url\":\"https:\/\/paulklunder.com\/fr\/interieurs\/\",\"name\":\"Design d'int\u00e9rieur luxe | Stylisme maison sur mesure | Paul Klunder\",\"isPartOf\":{\"@id\":\"https:\/\/paulklunder.com\/fr\/#website\"},\"datePublished\":\"2025-07-21T08:33:40+00:00\",\"dateModified\":\"2025-10-29T06:31:57+00:00\",\"description\":\"Paul Klunder con\u00e7oit des int\u00e9rieurs authentiques et luxueux qui refl\u00e8tent votre style de vie unique. En m\u00e9langeant mobilier sur mesure, collections s\u00e9lectionn\u00e9es et pr\u00e9cieux h\u00e9ritages, nous cr\u00e9ons des espaces intemporels \u00e0 l'\u00e9l\u00e9gance naturelle.\",\"breadcrumb\":{\"@id\":\"https:\/\/paulklunder.com\/fr\/interieurs\/#breadcrumb\"},\"inLanguage\":\"fr-BE\",\"potentialAction\":[{\"@type\":\"ReadAction\",\"target\":[\"https:\/\/paulklunder.com\/fr\/interieurs\/\"]}]},{\"@type\":\"BreadcrumbList\",\"@id\":\"https:\/\/paulklunder.com\/fr\/interieurs\/#breadcrumb\",\"itemListElement\":[{\"@type\":\"ListItem\",\"position\":1,\"name\":\"Home\",\"item\":\"https:\/\/paulklunder.com\/fr\/\"},{\"@type\":\"ListItem\",\"position\":2,\"name\":\"INT\u00c9RIEURS\"}]},{\"@type\":\"WebSite\",\"@id\":\"https:\/\/paulklunder.com\/fr\/#website\",\"url\":\"https:\/\/paulklunder.com\/fr\/\",\"name\":\"Paul Klunder\",\"description\":\"\",\"publisher\":{\"@id\":\"https:\/\/paulklunder.com\/fr\/#organization\"},\"potentialAction\":[{\"@type\":\"SearchAction\",\"target\":{\"@type\":\"EntryPoint\",\"urlTemplate\":\"https:\/\/paulklunder.com\/fr\/?s={search_term_string}\"},\"query-input\":{\"@type\":\"PropertyValueSpecification\",\"valueRequired\":true,\"valueName\":\"search_term_string\"}}],\"inLanguage\":\"fr-BE\"},{\"@type\":\"Organization\",\"@id\":\"https:\/\/paulklunder.com\/fr\/#organization\",\"name\":\"Paul Klunder\",\"url\":\"https:\/\/paulklunder.com\/fr\/\",\"logo\":{\"@type\":\"ImageObject\",\"inLanguage\":\"fr-BE\",\"@id\":\"https:\/\/paulklunder.com\/fr\/#\/schema\/logo\/image\/\",\"url\":\"https:\/\/paulklunder.com\/wp-content\/uploads\/2025\/07\/logo-klunder.png\",\"contentUrl\":\"https:\/\/paulklunder.com\/wp-content\/uploads\/2025\/07\/logo-klunder.png\",\"width\":700,\"height\":500,\"caption\":\"Paul Klunder\"},\"image\":{\"@id\":\"https:\/\/paulklunder.com\/fr\/#\/schema\/logo\/image\/\"}}]}<\/script>\n<!-- \/ Yoast SEO plugin. -->","yoast_head_json":{"title":"Design d'int\u00e9rieur luxe | Stylisme maison sur mesure | Paul Klunder","description":"Paul Klunder con\u00e7oit des int\u00e9rieurs authentiques et luxueux qui refl\u00e8tent votre style de vie unique. En m\u00e9langeant mobilier sur mesure, collections s\u00e9lectionn\u00e9es et pr\u00e9cieux h\u00e9ritages, nous cr\u00e9ons des espaces intemporels \u00e0 l'\u00e9l\u00e9gance naturelle.","robots":{"index":"index","follow":"follow","max-snippet":"max-snippet:-1","max-image-preview":"max-image-preview:large","max-video-preview":"max-video-preview:-1"},"canonical":"https:\/\/paulklunder.com\/fr\/interieurs\/","og_locale":"fr_FR","og_type":"article","og_title":"Design d'int\u00e9rieur luxe | Stylisme maison sur mesure | Paul Klunder","og_description":"Paul Klunder con\u00e7oit des int\u00e9rieurs authentiques et luxueux qui refl\u00e8tent votre style de vie unique. En m\u00e9langeant mobilier sur mesure, collections s\u00e9lectionn\u00e9es et pr\u00e9cieux h\u00e9ritages, nous cr\u00e9ons des espaces intemporels \u00e0 l'\u00e9l\u00e9gance naturelle.","og_url":"https:\/\/paulklunder.com\/fr\/interieurs\/","og_site_name":"Paul Klunder","article_modified_time":"2025-10-29T06:31:57+00:00","og_image":[{"width":666,"height":434,"url":"https:\/\/paulklunder.com\/wp-content\/uploads\/2025\/07\/logo-klunder-1.png","type":"image\/png"}],"twitter_card":"summary_large_image","twitter_misc":{"Dur\u00e9e de lecture est.":"1 minute"},"schema":{"@context":"https:\/\/schema.org","@graph":[{"@type":"WebPage","@id":"https:\/\/paulklunder.com\/fr\/interieurs\/","url":"https:\/\/paulklunder.com\/fr\/interieurs\/","name":"Design d'int\u00e9rieur luxe | Stylisme maison sur mesure | Paul Klunder","isPartOf":{"@id":"https:\/\/paulklunder.com\/fr\/#website"},"datePublished":"2025-07-21T08:33:40+00:00","dateModified":"2025-10-29T06:31:57+00:00","description":"Paul Klunder con\u00e7oit des int\u00e9rieurs authentiques et luxueux qui refl\u00e8tent votre style de vie unique. En m\u00e9langeant mobilier sur mesure, collections s\u00e9lectionn\u00e9es et pr\u00e9cieux h\u00e9ritages, nous cr\u00e9ons des espaces intemporels \u00e0 l'\u00e9l\u00e9gance naturelle.","breadcrumb":{"@id":"https:\/\/paulklunder.com\/fr\/interieurs\/#breadcrumb"},"inLanguage":"fr-BE","potentialAction":[{"@type":"ReadAction","target":["https:\/\/paulklunder.com\/fr\/interieurs\/"]}]},{"@type":"BreadcrumbList","@id":"https:\/\/paulklunder.com\/fr\/interieurs\/#breadcrumb","itemListElement":[{"@type":"ListItem","position":1,"name":"Home","item":"https:\/\/paulklunder.com\/fr\/"},{"@type":"ListItem","position":2,"name":"INT\u00c9RIEURS"}]},{"@type":"WebSite","@id":"https:\/\/paulklunder.com\/fr\/#website","url":"https:\/\/paulklunder.com\/fr\/","name":"Paul Klunder","description":"","publisher":{"@id":"https:\/\/paulklunder.com\/fr\/#organization"},"potentialAction":[{"@type":"SearchAction","target":{"@type":"EntryPoint","urlTemplate":"https:\/\/paulklunder.com\/fr\/?s={search_term_string}"},"query-input":{"@type":"PropertyValueSpecification","valueRequired":true,"valueName":"search_term_string"}}],"inLanguage":"fr-BE"},{"@type":"Organization","@id":"https:\/\/paulklunder.com\/fr\/#organization","name":"Paul Klunder","url":"https:\/\/paulklunder.com\/fr\/","logo":{"@type":"ImageObject","inLanguage":"fr-BE","@id":"https:\/\/paulklunder.com\/fr\/#\/schema\/logo\/image\/","url":"https:\/\/paulklunder.com\/wp-content\/uploads\/2025\/07\/logo-klunder.png","contentUrl":"https:\/\/paulklunder.com\/wp-content\/uploads\/2025\/07\/logo-klunder.png","width":700,"height":500,"caption":"Paul Klunder"},"image":{"@id":"https:\/\/paulklunder.com\/fr\/#\/schema\/logo\/image\/"}}]}},"_links":{"self":[{"href":"https:\/\/paulklunder.com\/fr\/wp-json\/wp\/v2\/pages\/1097","targetHints":{"allow":["GET"]}}],"collection":[{"href":"https:\/\/paulklunder.com\/fr\/wp-json\/wp\/v2\/pages"}],"about":[{"href":"https:\/\/paulklunder.com\/fr\/wp-json\/wp\/v2\/types\/page"}],"author":[{"embeddable":true,"href":"https:\/\/paulklunder.com\/fr\/wp-json\/wp\/v2\/users\/1"}],"replies":[{"embeddable":true,"href":"https:\/\/paulklunder.com\/fr\/wp-json\/wp\/v2\/comments?post=1097"}],"version-history":[{"count":1,"href":"https:\/\/paulklunder.com\/fr\/wp-json\/wp\/v2\/pages\/1097\/revisions"}],"predecessor-version":[{"id":1117,"href":"https:\/\/paulklunder.com\/fr\/wp-json\/wp\/v2\/pages\/1097\/revisions\/1117"}],"wp:attachment":[{"href":"https:\/\/paulklunder.com\/fr\/wp-json\/wp\/v2\/media?parent=1097"}],"curies":[{"name":"wp","href":"https:\/\/api.w.org\/{rel}","templated":true}]}}