{"id":1069,"date":"2025-07-21T08:33:26","date_gmt":"2025-07-21T08:33:26","guid":{"rendered":"https:\/\/paulklunder.com\/bibliographie\/"},"modified":"2025-10-31T05:51:51","modified_gmt":"2025-10-31T05:51:51","slug":"bibliographie","status":"publish","type":"page","link":"https:\/\/paulklunder.com\/fr\/bibliographie\/","title":{"rendered":"BIBLIOGRAPHIE"},"content":{"rendered":"\t\t<div data-elementor-type=\"wp-page\" data-elementor-id=\"1069\" class=\"elementor elementor-1069 elementor-15\" data-elementor-post-type=\"page\">\n\t\t\t\t<div class=\"elementor-element elementor-element-b8f9fdf e-flex e-con-boxed e-con e-parent\" data-id=\"b8f9fdf\" data-element_type=\"container\" data-e-type=\"container\" data-settings=\"{&quot;background_background&quot;:&quot;classic&quot;}\">\n\t\t\t\t\t<div class=\"e-con-inner\">\n\t\t<div class=\"elementor-element elementor-element-b3867a2 e-con-full e-flex e-con e-child\" data-id=\"b3867a2\" data-element_type=\"container\" data-e-type=\"container\">\n\t\t\t\t<\/div>\n\t\t<div class=\"elementor-element elementor-element-e0f795d e-con-full e-flex e-con e-child\" data-id=\"e0f795d\" data-element_type=\"container\" data-e-type=\"container\">\n\t\t\t\t<\/div>\n\t\t<div class=\"elementor-element elementor-element-a07081c e-con-full e-flex e-con e-child\" data-id=\"a07081c\" data-element_type=\"container\" data-e-type=\"container\">\n\t\t\t\t<div class=\"elementor-element elementor-element-d00f39a elementor-align-center elementor-invisible elementor-widget elementor-widget-lottie\" data-id=\"d00f39a\" data-element_type=\"widget\" data-e-type=\"widget\" data-settings=\"{&quot;source_json&quot;:{&quot;url&quot;:&quot;https:\\\/\\\/paulklunder.com\\\/wp-content\\\/uploads\\\/2025\\\/07\\\/xXUO4SYYhC.json&quot;,&quot;id&quot;:137,&quot;size&quot;:&quot;&quot;,&quot;alt&quot;:&quot;&quot;,&quot;source&quot;:&quot;library&quot;},&quot;loop&quot;:&quot;yes&quot;,&quot;link_to&quot;:&quot;custom&quot;,&quot;custom_link&quot;:{&quot;url&quot;:&quot;#bibliography&quot;,&quot;is_external&quot;:&quot;&quot;,&quot;nofollow&quot;:&quot;&quot;,&quot;custom_attributes&quot;:&quot;&quot;},&quot;_animation&quot;:&quot;fadeInDown&quot;,&quot;_animation_delay&quot;:600,&quot;source&quot;:&quot;media_file&quot;,&quot;caption_source&quot;:&quot;none&quot;,&quot;trigger&quot;:&quot;arriving_to_viewport&quot;,&quot;viewport&quot;:{&quot;unit&quot;:&quot;%&quot;,&quot;size&quot;:&quot;&quot;,&quot;sizes&quot;:{&quot;start&quot;:0,&quot;end&quot;:100}},&quot;play_speed&quot;:{&quot;unit&quot;:&quot;px&quot;,&quot;size&quot;:1,&quot;sizes&quot;:[]},&quot;start_point&quot;:{&quot;unit&quot;:&quot;%&quot;,&quot;size&quot;:0,&quot;sizes&quot;:[]},&quot;end_point&quot;:{&quot;unit&quot;:&quot;%&quot;,&quot;size&quot;:100,&quot;sizes&quot;:[]},&quot;renderer&quot;:&quot;svg&quot;}\" data-widget_type=\"lottie.default\">\n\t\t\t\t\t<a class=\"e-lottie__container__link\" href=\"#bibliography\"><div class=\"e-lottie__container\"><div class=\"e-lottie__animation\"><\/div><\/div><\/a>\t\t\t\t<\/div>\n\t\t\t\t<\/div>\n\t\t\t\t\t<\/div>\n\t\t\t\t<\/div>\n\t\t<div class=\"elementor-element elementor-element-e8488f4 e-flex e-con-boxed elementor-invisible e-con e-parent\" data-id=\"e8488f4\" data-element_type=\"container\" data-e-type=\"container\" id=\"bibliography\" data-settings=\"{&quot;animation&quot;:&quot;fadeIn&quot;,&quot;animation_delay&quot;:300}\">\n\t\t\t\t\t<div class=\"e-con-inner\">\n\t\t<div class=\"elementor-element elementor-element-b4e4926 e-con-full e-flex e-con e-child\" data-id=\"b4e4926\" data-element_type=\"container\" data-e-type=\"container\">\n\t\t\t\t<div class=\"elementor-element elementor-element-cea637d elementor-widget elementor-widget-image\" data-id=\"cea637d\" data-element_type=\"widget\" data-e-type=\"widget\" data-widget_type=\"image.default\">\n\t\t\t\t\t\t\t\t\t\t\t\t\t\t\t<img fetchpriority=\"high\" decoding=\"async\" width=\"683\" height=\"1024\" src=\"https:\/\/paulklunder.com\/wp-content\/uploads\/2025\/10\/Paul-683x1024.jpg\" class=\"attachment-large size-large wp-image-1095\" alt=\"\" srcset=\"https:\/\/paulklunder.com\/wp-content\/uploads\/2025\/10\/Paul-683x1024.jpg 683w, https:\/\/paulklunder.com\/wp-content\/uploads\/2025\/10\/Paul-200x300.jpg 200w, https:\/\/paulklunder.com\/wp-content\/uploads\/2025\/10\/Paul-768x1152.jpg 768w, https:\/\/paulklunder.com\/wp-content\/uploads\/2025\/10\/Paul-1024x1536.jpg 1024w, https:\/\/paulklunder.com\/wp-content\/uploads\/2025\/10\/Paul.jpg 1200w\" sizes=\"(max-width: 683px) 100vw, 683px\" \/>\t\t\t\t\t\t\t\t\t\t\t\t\t\t\t<\/div>\n\t\t\t\t<\/div>\n\t\t<div class=\"elementor-element elementor-element-727b9b8 e-con-full e-flex e-con e-child\" data-id=\"727b9b8\" data-element_type=\"container\" data-e-type=\"container\">\n\t\t\t\t<div class=\"elementor-element elementor-element-5403a24 elementor-widget-mobile__width-initial elementor-widget elementor-widget-heading\" data-id=\"5403a24\" data-element_type=\"widget\" data-e-type=\"widget\" data-widget_type=\"heading.default\">\n\t\t\t\t\t<h2 class=\"elementor-heading-title elementor-size-default\">\u201cVivez pleinement... chaque jour.\u201d<\/h2>\t\t\t\t<\/div>\n\t\t\t\t<div class=\"elementor-element elementor-element-d2d2b7e elementor-widget elementor-widget-text-editor\" data-id=\"d2d2b7e\" data-element_type=\"widget\" data-e-type=\"widget\" data-widget_type=\"text-editor.default\">\n\t\t\t\t\t\t\t\t\t<p>Paul Klunder est n\u00e9 \u00e0 Deventer et a grandi entour\u00e9 des for\u00eats de la Gueldre, o\u00f9 il d\u00e9veloppe tr\u00e8s jeune une passion profonde pour les fleurs et les plantes.<\/p>\n<p>C\u2019est cette passion qui le m\u00e8ne \u00e0 \u00e9tudier l\u2019horticulture apr\u00e8s le lyc\u00e9e. Il se sp\u00e9cialise ensuite dans le design v\u00e9g\u00e9tal et obtient le prestigieux titre de Ma\u00eetre fleuriste.<\/p>\n<p>Paul d\u00e9bute sa carri\u00e8re aupr\u00e8s de d\u00e9corateurs de renom aux Pays-Bas. Rapidement, il \u00e9largit sa vision au-del\u00e0 des fleurs en elles-m\u00eames : il est tout autant inspir\u00e9 par les environnements dans lesquels elles s\u2019int\u00e8grent \u2014 int\u00e9rieurs, jardins, \u00e9v\u00e9nements. En 2003, fort de dix ann\u00e9es d\u2019exp\u00e9rience, Paul fonde son propre studio floral \u00e0 Bruxelles. Ses nombreux voyages continuent de nourrir son inspiration, donnant naissance \u00e0 des cr\u00e9ations uniques et raffin\u00e9es m\u00ealant design pur et \u00e9l\u00e9ments d\u00e9coratifs inattendus. Qu\u2019elles soient minimalistes ou opulentes, ses compositions laissent toujours une empreinte durable.<\/p>\n<p>Aujourd\u2019hui, Paul travaille avec une client\u00e8le exigeante \u00e0 travers toute l\u2019Europe, qui appr\u00e9cie l\u2019exclusivit\u00e9, la minutie et l\u2019attention personnelle qu\u2019il consacre \u00e0 chaque projet. Son objectif reste toujours le m\u00eame : \u00e9mouvoir et inspirer. Entour\u00e9 d\u2019une \u00e9quipe de professionnels d\u00e9vou\u00e9s et port\u00e9 par une profonde passion cr\u00e9ative, chaque projet sign\u00e9 Paul Klunder est r\u00e9solument unique.<\/p>\n\t\t\t\t\t\t\t\t<\/div>\n\t\t\t\t<\/div>\n\t\t\t\t\t<\/div>\n\t\t\t\t<\/div>\n\t\t\t\t<\/div>\n\t\t","protected":false},"excerpt":{"rendered":"<p>\u201cVivez pleinement&#8230; chaque jour.\u201d Paul Klunder est n\u00e9 \u00e0 Deventer et a grandi entour\u00e9 des for\u00eats de la Gueldre, o\u00f9 il d\u00e9veloppe tr\u00e8s jeune une passion profonde pour les fleurs et les plantes. C\u2019est cette passion qui le m\u00e8ne \u00e0 \u00e9tudier l\u2019horticulture apr\u00e8s le lyc\u00e9e. Il se sp\u00e9cialise ensuite dans le design v\u00e9g\u00e9tal et obtient [&hellip;]<\/p>\n","protected":false},"author":1,"featured_media":0,"parent":0,"menu_order":0,"comment_status":"closed","ping_status":"closed","template":"","meta":{"footnotes":""},"class_list":["post-1069","page","type-page","status-publish","hentry"],"yoast_head":"<!-- This site is optimized with the Yoast SEO plugin v27.0 - https:\/\/yoast.com\/product\/yoast-seo-wordpress\/ -->\n<title>Biographie Paul Klunder | Ma\u00eetre fleuriste &amp; designer<\/title>\n<meta name=\"description\" content=\"D\u00e9couvrez le parcours de Paul Klunder, des for\u00eats de Gueldre au titre de Ma\u00eetre Fleuriste acclam\u00e9. Apprenez comment sa passion pour l&#039;art floral, les int\u00e9rieurs et les \u00e9v\u00e9nements a \u00e9volu\u00e9 vers des cr\u00e9ations sur mesure pour une client\u00e8le europ\u00e9enne exigeante.\" \/>\n<meta name=\"robots\" content=\"index, follow, max-snippet:-1, max-image-preview:large, max-video-preview:-1\" \/>\n<link rel=\"canonical\" href=\"https:\/\/paulklunder.com\/fr\/bibliographie\/\" \/>\n<meta property=\"og:locale\" content=\"fr_FR\" \/>\n<meta property=\"og:type\" content=\"article\" \/>\n<meta property=\"og:title\" content=\"Biographie Paul Klunder | Ma\u00eetre fleuriste &amp; designer\" \/>\n<meta property=\"og:description\" content=\"D\u00e9couvrez le parcours de Paul Klunder, des for\u00eats de Gueldre au titre de Ma\u00eetre Fleuriste acclam\u00e9. Apprenez comment sa passion pour l&#039;art floral, les int\u00e9rieurs et les \u00e9v\u00e9nements a \u00e9volu\u00e9 vers des cr\u00e9ations sur mesure pour une client\u00e8le europ\u00e9enne exigeante.\" \/>\n<meta property=\"og:url\" content=\"https:\/\/paulklunder.com\/fr\/bibliographie\/\" \/>\n<meta property=\"og:site_name\" content=\"Paul Klunder\" \/>\n<meta property=\"article:modified_time\" content=\"2025-10-31T05:51:51+00:00\" \/>\n<meta property=\"og:image\" content=\"https:\/\/paulklunder.com\/wp-content\/uploads\/2025\/10\/Paul.jpg\" \/>\n\t<meta property=\"og:image:width\" content=\"1200\" \/>\n\t<meta property=\"og:image:height\" content=\"1800\" \/>\n\t<meta property=\"og:image:type\" content=\"image\/jpeg\" \/>\n<meta name=\"twitter:card\" content=\"summary_large_image\" \/>\n<meta name=\"twitter:label1\" content=\"Dur\u00e9e de lecture est.\" \/>\n\t<meta name=\"twitter:data1\" content=\"1 minute\" \/>\n<script type=\"application\/ld+json\" class=\"yoast-schema-graph\">{\"@context\":\"https:\/\/schema.org\",\"@graph\":[{\"@type\":\"WebPage\",\"@id\":\"https:\/\/paulklunder.com\/fr\/bibliographie\/\",\"url\":\"https:\/\/paulklunder.com\/fr\/bibliographie\/\",\"name\":\"Biographie Paul Klunder | Ma\u00eetre fleuriste & designer\",\"isPartOf\":{\"@id\":\"https:\/\/paulklunder.com\/fr\/#website\"},\"primaryImageOfPage\":{\"@id\":\"https:\/\/paulklunder.com\/fr\/bibliographie\/#primaryimage\"},\"image\":{\"@id\":\"https:\/\/paulklunder.com\/fr\/bibliographie\/#primaryimage\"},\"thumbnailUrl\":\"https:\/\/paulklunder.com\/wp-content\/uploads\/2025\/10\/Paul-683x1024.jpg\",\"datePublished\":\"2025-07-21T08:33:26+00:00\",\"dateModified\":\"2025-10-31T05:51:51+00:00\",\"description\":\"D\u00e9couvrez le parcours de Paul Klunder, des for\u00eats de Gueldre au titre de Ma\u00eetre Fleuriste acclam\u00e9. Apprenez comment sa passion pour l'art floral, les int\u00e9rieurs et les \u00e9v\u00e9nements a \u00e9volu\u00e9 vers des cr\u00e9ations sur mesure pour une client\u00e8le europ\u00e9enne exigeante.\",\"breadcrumb\":{\"@id\":\"https:\/\/paulklunder.com\/fr\/bibliographie\/#breadcrumb\"},\"inLanguage\":\"fr-BE\",\"potentialAction\":[{\"@type\":\"ReadAction\",\"target\":[\"https:\/\/paulklunder.com\/fr\/bibliographie\/\"]}]},{\"@type\":\"ImageObject\",\"inLanguage\":\"fr-BE\",\"@id\":\"https:\/\/paulklunder.com\/fr\/bibliographie\/#primaryimage\",\"url\":\"https:\/\/paulklunder.com\/wp-content\/uploads\/2025\/10\/Paul-683x1024.jpg\",\"contentUrl\":\"https:\/\/paulklunder.com\/wp-content\/uploads\/2025\/10\/Paul-683x1024.jpg\"},{\"@type\":\"BreadcrumbList\",\"@id\":\"https:\/\/paulklunder.com\/fr\/bibliographie\/#breadcrumb\",\"itemListElement\":[{\"@type\":\"ListItem\",\"position\":1,\"name\":\"Home\",\"item\":\"https:\/\/paulklunder.com\/fr\/\"},{\"@type\":\"ListItem\",\"position\":2,\"name\":\"BIBLIOGRAPHIE\"}]},{\"@type\":\"WebSite\",\"@id\":\"https:\/\/paulklunder.com\/fr\/#website\",\"url\":\"https:\/\/paulklunder.com\/fr\/\",\"name\":\"Paul Klunder\",\"description\":\"\",\"publisher\":{\"@id\":\"https:\/\/paulklunder.com\/fr\/#organization\"},\"potentialAction\":[{\"@type\":\"SearchAction\",\"target\":{\"@type\":\"EntryPoint\",\"urlTemplate\":\"https:\/\/paulklunder.com\/fr\/?s={search_term_string}\"},\"query-input\":{\"@type\":\"PropertyValueSpecification\",\"valueRequired\":true,\"valueName\":\"search_term_string\"}}],\"inLanguage\":\"fr-BE\"},{\"@type\":\"Organization\",\"@id\":\"https:\/\/paulklunder.com\/fr\/#organization\",\"name\":\"Paul Klunder\",\"url\":\"https:\/\/paulklunder.com\/fr\/\",\"logo\":{\"@type\":\"ImageObject\",\"inLanguage\":\"fr-BE\",\"@id\":\"https:\/\/paulklunder.com\/fr\/#\/schema\/logo\/image\/\",\"url\":\"https:\/\/paulklunder.com\/wp-content\/uploads\/2025\/07\/logo-klunder.png\",\"contentUrl\":\"https:\/\/paulklunder.com\/wp-content\/uploads\/2025\/07\/logo-klunder.png\",\"width\":700,\"height\":500,\"caption\":\"Paul Klunder\"},\"image\":{\"@id\":\"https:\/\/paulklunder.com\/fr\/#\/schema\/logo\/image\/\"}}]}<\/script>\n<!-- \/ Yoast SEO plugin. -->","yoast_head_json":{"title":"Biographie Paul Klunder | Ma\u00eetre fleuriste & designer","description":"D\u00e9couvrez le parcours de Paul Klunder, des for\u00eats de Gueldre au titre de Ma\u00eetre Fleuriste acclam\u00e9. Apprenez comment sa passion pour l'art floral, les int\u00e9rieurs et les \u00e9v\u00e9nements a \u00e9volu\u00e9 vers des cr\u00e9ations sur mesure pour une client\u00e8le europ\u00e9enne exigeante.","robots":{"index":"index","follow":"follow","max-snippet":"max-snippet:-1","max-image-preview":"max-image-preview:large","max-video-preview":"max-video-preview:-1"},"canonical":"https:\/\/paulklunder.com\/fr\/bibliographie\/","og_locale":"fr_FR","og_type":"article","og_title":"Biographie Paul Klunder | Ma\u00eetre fleuriste & designer","og_description":"D\u00e9couvrez le parcours de Paul Klunder, des for\u00eats de Gueldre au titre de Ma\u00eetre Fleuriste acclam\u00e9. Apprenez comment sa passion pour l'art floral, les int\u00e9rieurs et les \u00e9v\u00e9nements a \u00e9volu\u00e9 vers des cr\u00e9ations sur mesure pour une client\u00e8le europ\u00e9enne exigeante.","og_url":"https:\/\/paulklunder.com\/fr\/bibliographie\/","og_site_name":"Paul Klunder","article_modified_time":"2025-10-31T05:51:51+00:00","og_image":[{"width":1200,"height":1800,"url":"https:\/\/paulklunder.com\/wp-content\/uploads\/2025\/10\/Paul.jpg","type":"image\/jpeg"}],"twitter_card":"summary_large_image","twitter_misc":{"Dur\u00e9e de lecture est.":"1 minute"},"schema":{"@context":"https:\/\/schema.org","@graph":[{"@type":"WebPage","@id":"https:\/\/paulklunder.com\/fr\/bibliographie\/","url":"https:\/\/paulklunder.com\/fr\/bibliographie\/","name":"Biographie Paul Klunder | Ma\u00eetre fleuriste & designer","isPartOf":{"@id":"https:\/\/paulklunder.com\/fr\/#website"},"primaryImageOfPage":{"@id":"https:\/\/paulklunder.com\/fr\/bibliographie\/#primaryimage"},"image":{"@id":"https:\/\/paulklunder.com\/fr\/bibliographie\/#primaryimage"},"thumbnailUrl":"https:\/\/paulklunder.com\/wp-content\/uploads\/2025\/10\/Paul-683x1024.jpg","datePublished":"2025-07-21T08:33:26+00:00","dateModified":"2025-10-31T05:51:51+00:00","description":"D\u00e9couvrez le parcours de Paul Klunder, des for\u00eats de Gueldre au titre de Ma\u00eetre Fleuriste acclam\u00e9. Apprenez comment sa passion pour l'art floral, les int\u00e9rieurs et les \u00e9v\u00e9nements a \u00e9volu\u00e9 vers des cr\u00e9ations sur mesure pour une client\u00e8le europ\u00e9enne exigeante.","breadcrumb":{"@id":"https:\/\/paulklunder.com\/fr\/bibliographie\/#breadcrumb"},"inLanguage":"fr-BE","potentialAction":[{"@type":"ReadAction","target":["https:\/\/paulklunder.com\/fr\/bibliographie\/"]}]},{"@type":"ImageObject","inLanguage":"fr-BE","@id":"https:\/\/paulklunder.com\/fr\/bibliographie\/#primaryimage","url":"https:\/\/paulklunder.com\/wp-content\/uploads\/2025\/10\/Paul-683x1024.jpg","contentUrl":"https:\/\/paulklunder.com\/wp-content\/uploads\/2025\/10\/Paul-683x1024.jpg"},{"@type":"BreadcrumbList","@id":"https:\/\/paulklunder.com\/fr\/bibliographie\/#breadcrumb","itemListElement":[{"@type":"ListItem","position":1,"name":"Home","item":"https:\/\/paulklunder.com\/fr\/"},{"@type":"ListItem","position":2,"name":"BIBLIOGRAPHIE"}]},{"@type":"WebSite","@id":"https:\/\/paulklunder.com\/fr\/#website","url":"https:\/\/paulklunder.com\/fr\/","name":"Paul Klunder","description":"","publisher":{"@id":"https:\/\/paulklunder.com\/fr\/#organization"},"potentialAction":[{"@type":"SearchAction","target":{"@type":"EntryPoint","urlTemplate":"https:\/\/paulklunder.com\/fr\/?s={search_term_string}"},"query-input":{"@type":"PropertyValueSpecification","valueRequired":true,"valueName":"search_term_string"}}],"inLanguage":"fr-BE"},{"@type":"Organization","@id":"https:\/\/paulklunder.com\/fr\/#organization","name":"Paul Klunder","url":"https:\/\/paulklunder.com\/fr\/","logo":{"@type":"ImageObject","inLanguage":"fr-BE","@id":"https:\/\/paulklunder.com\/fr\/#\/schema\/logo\/image\/","url":"https:\/\/paulklunder.com\/wp-content\/uploads\/2025\/07\/logo-klunder.png","contentUrl":"https:\/\/paulklunder.com\/wp-content\/uploads\/2025\/07\/logo-klunder.png","width":700,"height":500,"caption":"Paul Klunder"},"image":{"@id":"https:\/\/paulklunder.com\/fr\/#\/schema\/logo\/image\/"}}]}},"_links":{"self":[{"href":"https:\/\/paulklunder.com\/fr\/wp-json\/wp\/v2\/pages\/1069","targetHints":{"allow":["GET"]}}],"collection":[{"href":"https:\/\/paulklunder.com\/fr\/wp-json\/wp\/v2\/pages"}],"about":[{"href":"https:\/\/paulklunder.com\/fr\/wp-json\/wp\/v2\/types\/page"}],"author":[{"embeddable":true,"href":"https:\/\/paulklunder.com\/fr\/wp-json\/wp\/v2\/users\/1"}],"replies":[{"embeddable":true,"href":"https:\/\/paulklunder.com\/fr\/wp-json\/wp\/v2\/comments?post=1069"}],"version-history":[{"count":2,"href":"https:\/\/paulklunder.com\/fr\/wp-json\/wp\/v2\/pages\/1069\/revisions"}],"predecessor-version":[{"id":1507,"href":"https:\/\/paulklunder.com\/fr\/wp-json\/wp\/v2\/pages\/1069\/revisions\/1507"}],"wp:attachment":[{"href":"https:\/\/paulklunder.com\/fr\/wp-json\/wp\/v2\/media?parent=1069"}],"curies":[{"name":"wp","href":"https:\/\/api.w.org\/{rel}","templated":true}]}}